{"id":530,"date":"2015-09-01T22:55:21","date_gmt":"2015-09-01T20:55:21","guid":{"rendered":"http:\/\/lepidoptera.nature4stock.com\/?page_id=530"},"modified":"2015-09-01T22:55:21","modified_gmt":"2015-09-01T20:55:21","slug":"erebidae","status":"publish","type":"page","link":"https:\/\/lepidoptera.nature4stock.com\/?page_id=530","title":{"rendered":"<b>Erebidae<\/b>"},"content":{"rendered":"<p><a href=\"http:\/\/lepidoptera.nature4stock.com\/?page_id=405\"><em>Arytrura musculus<\/em><\/a> (M\u00e9n\u00e9tri\u00e9s, 1859)<\/p>\n<!-- AddThis Advanced Settings generic via filter on the_content --><!-- AddThis Share Buttons generic via filter on the_content -->","protected":false},"excerpt":{"rendered":"<p>Arytrura musculus (M\u00e9n\u00e9tri\u00e9s, 1859)<!-- AddThis Advanced Settings generic via filter on get_the_excerpt --><!-- AddThis Share Buttons generic via filter on get_the_excerpt --><\/p>\n","protected":false},"author":2,"featured_media":0,"parent":0,"menu_order":0,"comment_status":"closed","ping_status":"closed","template":"","meta":{"footnotes":""},"categories":[61],"tags":[62,64,63],"class_list":["post-530","page","type-page","status-publish","hentry","category-moths","tag-erebidae","tag-moth","tag-moths"],"_links":{"self":[{"href":"https:\/\/lepidoptera.nature4stock.com\/index.php?rest_route=\/wp\/v2\/pages\/530","targetHints":{"allow":["GET"]}}],"collection":[{"href":"https:\/\/lepidoptera.nature4stock.com\/index.php?rest_route=\/wp\/v2\/pages"}],"about":[{"href":"https:\/\/lepidoptera.nature4stock.com\/index.php?rest_route=\/wp\/v2\/types\/page"}],"author":[{"embeddable":true,"href":"https:\/\/lepidoptera.nature4stock.com\/index.php?rest_route=\/wp\/v2\/users\/2"}],"replies":[{"embeddable":true,"href":"https:\/\/lepidoptera.nature4stock.com\/index.php?rest_route=%2Fwp%2Fv2%2Fcomments&post=530"}],"version-history":[{"count":1,"href":"https:\/\/lepidoptera.nature4stock.com\/index.php?rest_route=\/wp\/v2\/pages\/530\/revisions"}],"predecessor-version":[{"id":531,"href":"https:\/\/lepidoptera.nature4stock.com\/index.php?rest_route=\/wp\/v2\/pages\/530\/revisions\/531"}],"wp:attachment":[{"href":"https:\/\/lepidoptera.nature4stock.com\/index.php?rest_route=%2Fwp%2Fv2%2Fmedia&parent=530"}],"wp:term":[{"taxonomy":"category","embeddable":true,"href":"https:\/\/lepidoptera.nature4stock.com\/index.php?rest_route=%2Fwp%2Fv2%2Fcategories&post=530"},{"taxonomy":"post_tag","embeddable":true,"href":"https:\/\/lepidoptera.nature4stock.com\/index.php?rest_route=%2Fwp%2Fv2%2Ftags&post=530"}],"curies":[{"name":"wp","href":"https:\/\/api.w.org\/{rel}","templated":true}]}}