{"id":17,"date":"2009-05-16T11:49:33","date_gmt":"2009-05-16T09:49:33","guid":{"rendered":"http:\/\/lepidoptera.nature4stock.com\/?page_id=17"},"modified":"2015-09-01T23:08:15","modified_gmt":"2015-09-01T21:08:15","slug":"romanian-butterflies-and-moths","status":"publish","type":"page","link":"http:\/\/lepidoptera.nature4stock.com\/?page_id=17","title":{"rendered":"Romanian butterflies checklist"},"content":{"rendered":"<p><strong>BUTTERFLIES<\/strong> (after Rakosy, 2013 &amp; Levente, 2008)<\/p>\n<p>(in alfabetical order)<\/p>\n<p><em><strong>Hesperiidae<\/strong><\/em><\/p>\n<ul>\n<li><a href=\"http:\/\/lepidoptera.nature4stock.com\/?page_id=429\"><em>Erynnis tages<\/em><\/a> (Linnaeus, 1758)<\/li>\n<li><em>Carcharodus alceae<\/em> (Esper, 1780)<\/li>\n<li><em>Carcharodus lavatherae<\/em> (Esper, 1783)<\/li>\n<li><em>Carcharodus flocciferus<\/em> (Zeller, 1847)<\/li>\n<li><em>Carcharodus orientalis<\/em> Reverdin, 1913<\/li>\n<li><em>Spialia orbifer<\/em> (H\u00fcbner, 1823)<\/li>\n<li><em>Muschampia tessellum<\/em> (H\u00fcbner, 1803)<\/li>\n<li><em>Muschampia cribrellum<\/em> (Eversmann, 1841)<\/li>\n<li><em>Pyrgus carthami<\/em> (H\u00fcbner, 1823)<\/li>\n<li><em><a href=\"http:\/\/lepidoptera.nature4stock.com\/?page_id=276\" target=\"_self\">Pyrgus sidae<\/a><\/em> (Esper, 1784)<\/li>\n<li><em>Pyrgus andromedae<\/em> (Wallengren, 1853)<\/li>\n<li><em>Pyrgus cacaliae<\/em> (Rambur, 1839)<\/li>\n<li><em>Pyrgus malvae<\/em> (Linnaeus, 1758)<\/li>\n<li><em>Pyrgus serratulae<\/em> (Rambur, 1839)<\/li>\n<li><em>Pyrgus armoricanus<\/em> (Oberth\u00fcr, 1910)<\/li>\n<li><em>Pyrgus alveus<\/em> (H\u00fcbner, 1803)<\/li>\n<li><em>Heteropterus morpheus<\/em> (Pallas, 1771)<\/li>\n<li><em>Carterocephalus palaemon<\/em> (Pallas, 1771)<\/li>\n<li><em>Thymelicus lineola<\/em> (Ochsenheimer, 1808)<\/li>\n<li><em>Thymelicus sylvestris<\/em> (Poda, 1761)<\/li>\n<li><em>Thymelicus acteon<\/em> (Rottemburg, 1775)<\/li>\n<li><em>Hesperia comma<\/em> (Linnaeus, 1758)<\/li>\n<li><em>Ochlodes sylvanus<\/em> (Esper, 1777)<\/li>\n<li><\/li>\n<li><em>Spialia sertorius<\/em> (Hoffmannsegg, 1804) \u00a0<strong>????<\/strong><\/li>\n<\/ul>\n<p><strong><em>Papilionidae<\/em><\/strong><\/p>\n<ul>\n<li><em><a href=\"http:\/\/lepidoptera.nature4stock.com\/?page_id=303\" target=\"_self\">Zerynthia polyxena<\/a><\/em> ([Denis &amp; Schifferm\u00fcller], 1775)<\/li>\n<li><em><a href=\"http:\/\/lepidoptera.nature4stock.com\/?page_id=264\" target=\"_self\">Zerynthia cerisy<\/a><\/em> (Godart, 1824)<\/li>\n<li><em><a href=\"http:\/\/lepidoptera.nature4stock.com\/?page_id=357\">Parnassius mnemosyne<\/a><\/em> (Linnaeus, 1758)<\/li>\n<li><em><a href=\"http:\/\/lepidoptera.nature4stock.com\/?page_id=110\" target=\"_self\">Iphiclides podalirius<\/a><\/em> (Linnaeus, 1758)<\/li>\n<li><em><a href=\"http:\/\/lepidoptera.nature4stock.com\/?page_id=332\">Papilio machaon<\/a><\/em> (Linnaeus, 1758)<\/li>\n<li><\/li>\n<li><em>Parnassius apollo<\/em> (Linnaeus, 1758) <strong>????<\/strong><\/li>\n<\/ul>\n<p><em><strong>Pieridae<\/strong><\/em><\/p>\n<ul>\n<li><em>Leptidea sinapis <\/em>(Linnaeus, 1758)<\/li>\n<li><em>Leptidea juvernica <\/em>(Williams, 1946)<\/li>\n<li><em>Leptidea morsei <\/em>Fenton, 1881<\/li>\n<li><em><em><a href=\"http:\/\/lepidoptera.nature4stock.com\/?page_id=97\" target=\"_self\">Anthocharis cardamines<\/a> <\/em>(Linnaeus, 1758)<\/em><\/li>\n<li><em>Euchloe ausonia <\/em>(H\u00fcbner, 1804)<\/li>\n<li><em><em><a title=\"&lt;i&gt;Aporia crataegi&lt;\/i&gt; (Linnaeus, 1758)\" href=\"..\/?page_id=33\"><em>Aporia crataegi<\/em><\/a><\/em><\/em><em> (Linnaeus, 1758)<\/em><\/li>\n<li><em><a title=\"&lt;i&gt;Pieris brassicae&lt;\/i&gt; (Linnaeus 1758)\" href=\"..\/?page_id=9\">Pieris brassicae<\/a><\/em><em> (Linnaeus, 1758)<\/em><\/li>\n<li><em>Pieris mannii <\/em>(Mayer, 1851)<\/li>\n<li><em>Pieris rapae <\/em>(Linnaeus, 1758)<\/li>\n<li><em>Pieris ergane <\/em>(Geyer, 1828)<\/li>\n<li><em><a href=\"http:\/\/lepidoptera.nature4stock.com\/?page_id=73\" target=\"_self\">Pieris napi<\/a><\/em> (Linnaeus, 1758)<\/li>\n<li><em><a href=\"http:\/\/lepidoptera.nature4stock.com\/?page_id=85\" target=\"_self\">Pieris bryoniae<\/a><\/em> (H\u00fcbner, 1806)<\/li>\n<li><em>Pieris balcana <\/em>Lorkovic, 1970<\/li>\n<li><em><a href=\"http:\/\/lepidoptera.nature4stock.com\/?page_id=116\" target=\"_self\">Pontia edusa<\/a><\/em> (Fabricius, 1777)<\/li>\n<li><em><a href=\"http:\/\/lepidoptera.nature4stock.com\/?page_id=126\" target=\"_self\">Colias erate<\/a><\/em> (Esper, 1805)<\/li>\n<li><em><a href=\"http:\/\/lepidoptera.nature4stock.com\/?page_id=57\" target=\"_self\">Colias croceus<\/a><\/em> (Fourcroy, 1785)<\/li>\n<li><em>Colias myrmidone <\/em>(Esper, 1780)<\/li>\n<li><em>Colias chrysotheme <\/em>(Esper, 1781)<\/li>\n<li><em>Colias hyale <\/em>(Linnaeus, 1758)<\/li>\n<li><em><em>Colias alfacariensis <\/em>(Ribbe, 1905)<\/em><\/li>\n<li><em><em>Gonepteryx rhamni <\/em>(Linnaeus, 1758)<\/em><\/li>\n<li><\/li>\n<li><em><em>Leptidea duponcheli <\/em>(Staudinger, 1871) <strong>????<\/strong><\/em><\/li>\n<li><em>Colias palaeno <\/em>(Linnaeus, 1761) <strong>????<\/strong><\/li>\n<\/ul>\n<p><em><strong>Riodinidae<\/strong><\/em><\/p>\n<ul>\n<li><em>Hamearis lucina<\/em> (Linnaeus, 1758)<\/li>\n<\/ul>\n<p><em><strong>Lycaenidae<\/strong><\/em><\/p>\n<ul>\n<li><em>Lycaena phlaeas<\/em> (Linnaeus, 1761)<\/li>\n<li><em>Lycaena helle<\/em> ([Denis &amp; Schifferm\u00fcller], 1775)<\/li>\n<li><em>Lycaena dispar<\/em> (Haworth, 1802)<\/li>\n<li><em>Lycaena virgaureae<\/em> (Linnaeus, 1758)<\/li>\n<li><em>Lycaena tityrus<\/em> (Poda, 1761)<\/li>\n<li><em>Lycaena alciphron<\/em> (Rottemburg, 1775)<\/li>\n<li><em>Lycaena hippothoe<\/em> (Linnaeus, 1761)<\/li>\n<li><em>Lycaena thersamon<\/em> (Esper, 1784)<\/li>\n<li><em>Thecla betulae<\/em> (Linnaeus, 1758)<\/li>\n<li><em>Neozephirus quercus<\/em> (Linnaeus, 1758)<\/li>\n<li><em>Tomares nogelii<\/em> (Herrich-Sch\u00e4ffer, 1851)<\/li>\n<li><em>Callophrys rubi<\/em> (Linnaeus, 1758)<\/li>\n<li><em>Satyrium w-album<\/em> (Knoch, 1782)<\/li>\n<li><em>Satyrium pruni<\/em> (Linnaeus, 1758)<\/li>\n<li><em>Satyrium spini<\/em> ([Denis &amp; Schifferm\u00fcller], 1775)<\/li>\n<li><em>Satyrium ilicis<\/em> (Esper, 1779)<\/li>\n<li><em>Satyrium acaciae<\/em> (Fabricius, 1787)<\/li>\n<li><em>Lampides boeticus<\/em> (Linnaeus, 1767)<\/li>\n<li><em>Leptotes pirithous<\/em> (Linnaeus, 1767)<\/li>\n<li><em>Cupido minimus<\/em> (Fuessly, 1775)<\/li>\n<li><em>Cupido osiris<\/em> (Meigen, 1829)<\/li>\n<li><em>Cupido argiades<\/em> (Pallas, 1771)<\/li>\n<li><em>Cupido decolorata<\/em> (Staudinger, 1886)<\/li>\n<li><em>Cupido alcetas<\/em> (Hoffmannsegg, 1804)<\/li>\n<li><em>Celastrina argiolus<\/em> (Linnaeus, 1758)<\/li>\n<li><em>Pseudophilotes schiffermuelleri<\/em> Hemming, 1929<\/li>\n<li><em>Pseudophilotes bavius<\/em> (Eversmann, 1832)<\/li>\n<li><em>Scolitantides orion<\/em> (Pallas, 1771)<\/li>\n<li><em>Glaucopsyche alexis<\/em> (Poda, 1761)<\/li>\n<li><em>Iolana iolas<\/em> (Ochsenheimer, 1816)<\/li>\n<li><em>Maculinea arion<\/em> (Linnaeus, 1758)<\/li>\n<li><em>Maculinea teleius<\/em> (Bergstr\u00e4sser, 1779)<\/li>\n<li><em>Maculinea nausithous<\/em> (Bergstr\u00e4sser, 1779)<\/li>\n<li><em>Maculinea alcon <\/em>([Denis &amp; Schifferm\u00fcller], 1775)<\/li>\n<li><em>Plebeius argus<\/em> (Linnaeus, 1758)<\/li>\n<li><em>Plebeius idas<\/em> (Linnaeus, 1761)<\/li>\n<li><em>Plebeius argyrognomon<\/em> (Bergstr\u00e4sser, 1779)<\/li>\n<li><em>Kretania\u00a0sephirus<\/em>\u00a0(Frivaldszky, 1835)<\/li>\n<li><em>Eumedonia\u00a0eumedon<\/em> (Esper, 1780)<\/li>\n<li><em>Aricia agestis<\/em> ([Denis &amp; Schifferm\u00fcller], 1775)<\/li>\n<li><em>Aricia artaxerxes<\/em> (Fabricius, 1793)<\/li>\n<li><em>Cyaniris\u00a0semiargus<\/em> (Rottemburg, 1775)<\/li>\n<li><em>Polyommatus dorylas<\/em> ([Denis &amp; Schifferm\u00fcller], 1775)<\/li>\n<li><em>Polyommatus amandus<\/em> (Schneider, 1792)<\/li>\n<li><em>Polyommatus thersites<\/em> (Cantener, 1834)<\/li>\n<li><em>Polyommatus icarus<\/em> (Rottemburg, 1775)<\/li>\n<li><em>Polyommatus daphnis<\/em> ([Denis &amp; Schifferm\u00fcller], 1775)<\/li>\n<li><em>Polyommatus admetus<\/em> (Esper, 1783)<\/li>\n<li><em>Polyommatus damon<\/em> ([Denis &amp; Schifferm\u00fcller], 1775)<\/li>\n<li><em>Polyommatus ripartii<\/em> (Freyer, 1830)<\/li>\n<li><em>Lysandra\u00a0bellargus<\/em> (Rottemburg, 1775)<\/li>\n<li><em>Lysandra\u00a0coridon<\/em> (Poda, 1761)<\/li>\n<li><\/li>\n<li><em>Aricia anteros<\/em> (Freyer, 1839) <strong>????<\/strong><\/li>\n<li><em>Plebejus\u00a0optilete<\/em> (Knoch, 1781) <strong>????<\/strong><\/li>\n<li><em>Plebejus\u00a0hyacinthus<\/em> (Herrich-Sch\u00e4ffer, 1847) <strong>????<\/strong><\/li>\n<li><em>Plebejus nicias <\/em>Meigen, 1830 <strong>????<\/strong><\/li>\n<li><em>Maculinea rebeli <\/em>(Hirschke, 1904) <strong>????<\/strong><\/li>\n<li><em>Lycaena candens <\/em>(Herrich-Sch\u00e4ffer, 1844) <strong>????<\/strong><\/li>\n<li><em>Tarucus balkanicus<\/em> (Freyer, 1845) <strong>????<\/strong><\/li>\n<\/ul>\n<p><em><strong>Nymphalidae<\/strong><\/em><\/p>\n<ul>\n<li><em>Libythea celtis<\/em> (Laicharting, 1782)<\/li>\n<li><em>Argynnis paphia<\/em> (Linnaeus, 1758)<\/li>\n<li><em>Argynnis pandora<\/em> ([Denis &amp; Schifferm\u00fcller], 1775)<\/li>\n<li><em>Argynnis aglaja<\/em> (Linnaeus, 1758)<\/li>\n<li><em>Argynnis adippe<\/em> ([Denis &amp; Schifferm\u00fcller], 1775)<\/li>\n<li><em>Argynnis niobe<\/em> (Linnaeus, 1758)<\/li>\n<li><em>Argynnis laodice<\/em> (Pallas, 1771)<\/li>\n<li><em>Issoria lathonia<\/em> (Linnaeus, 1758)<\/li>\n<li><em>Brenthis ino<\/em> (Rottemburg, 1775)<\/li>\n<li><em>Brenthis daphne<\/em> ([Denis &amp; Schifferm\u00fcller], 1775)<\/li>\n<li><em>Brenthis hecate<\/em> ([Denis &amp; Schifferm\u00fcller], 1775)<\/li>\n<li><em>Boloria euphrosyne<\/em> (Linnaeus, 1758)<\/li>\n<li><em>Boloria titania<\/em> (Esper, [1793])<\/li>\n<li><em>Boloria selene<\/em> ([Denis &amp; Schifferm\u00fcller], 1775)<\/li>\n<li><em>Boloria dia<\/em> (Linnaeus, 1767)<\/li>\n<li><em>Boloria pales<\/em> ([Denis &amp; Schifferm\u00fcller], 1775)<\/li>\n<li><em>Boloria aquilonaris<\/em> (Stichel, 1908)<\/li>\n<li><em>Vanessa atalanta<\/em> (Linnaeus, 1758)<\/li>\n<li><em>Vanessa cardui<\/em> (Linnaeus, 1758)<\/li>\n<li><em>Inachis io<\/em> (Linnaeus, 1758)<\/li>\n<li><em>Aglais urticae<\/em> (Linnaeus, 1758)<\/li>\n<li><em>Polygonia c-album<\/em> (Linnaeus, 1758)<\/li>\n<li><em>Araschnia levana<\/em> (Linnaeus, 1758)<\/li>\n<li><em>Nymphalis antiopa<\/em> (Linnaeus, 1758)<\/li>\n<li><em>Nymphalis polychloros<\/em> (Linnaeus, 1758)<\/li>\n<li><em>Nymphalis xanthomelas<\/em> (Esper, 1781)<\/li>\n<li><em>Nymphalis vau-album<\/em> ([Denis &amp; Schifferm\u00fcller], 1775)<\/li>\n<li><em>Apatura metis<\/em> Freyer, 1829<\/li>\n<li><em>Apatura ilia<\/em> ([Denis &amp; Schifferm\u00fcller], 1775)<\/li>\n<li><em>Apatura iris<\/em> (Linnaeus, 1758)<\/li>\n<li><em>Limenitis populi<\/em> (Linnaeus, 1758)<\/li>\n<li><em>Limenitis camilla<\/em> (Linnaeus, 1764)<\/li>\n<li><em><a href=\"http:\/\/lepidoptera.nature4stock.com\/?page_id=248\" target=\"_self\">Limenitis reducta<\/a><\/em> Staudinger, 1901<\/li>\n<li><em>Neptis rivularis<\/em> (Scopoli, 1763)<\/li>\n<li><em>Neptis sappho <\/em>(Pallas, 1771)<\/li>\n<li><em>Euphydryas maturna<\/em> (Linnaeus, 1758)<\/li>\n<li><em><a href=\"http:\/\/lepidoptera.nature4stock.com\/?page_id=221\" target=\"_self\">Euphydryas aurinia<\/a><\/em> (Rottemburg, 1775)<\/li>\n<li><em>Melitaea cinxia<\/em> (Linnaeus, 1758)<\/li>\n<li><em>Melitaea phoebe<\/em> ([Denis &amp; Schifferm\u00fcller], 1775)<\/li>\n<li><em>Melitaea ornata <\/em>Christoph, 1893<em> (= Melitaea telona <\/em>(Fruhstorfer, 1908))<\/li>\n<li><em>Melitaea arduinna<\/em> (Esper, 1783)<\/li>\n<li><em>Melitaea trivia<\/em> ([Denis &amp; Schifferm\u00fcller], 1775)<\/li>\n<li><em>Melitaea didyma<\/em> (Esper, 1778)<\/li>\n<li><em>Melitaea diamina<\/em> (Lang, 1789)<\/li>\n<li><em>Melitaea aurelia<\/em> Nickerl, 1850<\/li>\n<li><em>Melitaea britomartis<\/em> Assmann, 1847<\/li>\n<li><em>Melitaea athalia<\/em> (Rottemburg, 1775)<\/li>\n<li><em>Kirinia roxelana<\/em> (Cramer, 1777)<\/li>\n<li><em>Pararge aegeria<\/em> (Linnaeus, 1758)<\/li>\n<li><em>Lasiommata megera<\/em> (Linnaeus, 1767)<\/li>\n<li><em>Lasiommata maera<\/em> (Linnaeus, 1758)<\/li>\n<li><em>Lopinga achine<\/em> (Scopoli, 1763)<\/li>\n<li><em>Coenonympha tullia<\/em> (M\u00fcller, 1764)<\/li>\n<li><em>Coenonympha rhodopensis<\/em> Elwes, 1900<\/li>\n<li><em>Coenonympha arcania<\/em> (Linnaeus, 1761)<\/li>\n<li><em>Coenonympha glycerion<\/em> (Borkhausen, 1788)<\/li>\n<li><em>Coenonympha leander<\/em> (Esper, 1784)<\/li>\n<li><em>Coenonympha pamphilus<\/em> (Linnaeus, 1758)<\/li>\n<li><em>Pyronia tithonus<\/em> (Linnaeus, 1767)<\/li>\n<li><em>Aphantopus hyperantus<\/em> (Linnaeus, 1758)<\/li>\n<li><em>Maniola jurtina<\/em> (Linnaeus, 1758)<\/li>\n<li><em>Hyponephele lycaon<\/em> (Rottemburg, 1775)<\/li>\n<li><em>Hyponephele lupina<\/em> (Costa, 1836)<\/li>\n<li><em>Erebia ligea<\/em> (Linnaeus, 1758)<\/li>\n<li><em>Erebia euryale<\/em> (Esper, 1805)<\/li>\n<li><em>Erebia manto<\/em> ([Denis &amp; Schifferm\u00fcller], 1775)<\/li>\n<li><em>Erebia epiphron<\/em> (Knoch, 1783)<\/li>\n<li><em>Erebia pharte<\/em> (H\u00fcbner, 1804)<\/li>\n<li><em>Erebia sudetica<\/em> (Staudinger, 1861)<\/li>\n<li><em>Erebia aethiops<\/em> (Esper, 1777)<\/li>\n<li><em>Erebia medusa<\/em> ([Denis &amp; Schifferm\u00fcller], 1775)<\/li>\n<li><em>Erebia gorge<\/em> (H\u00fcbner, 1804)<\/li>\n<li><em>Erebia cassioides<\/em> (Reiner &amp; Hohenwarth, 1792)<\/li>\n<li><em>Erebia pronoe<\/em> (Esper, 1780)<\/li>\n<li><em>Erebia montana<\/em> (Prunner, 1798)<\/li>\n<li>Erebia oeme\u00a0(H\u00fcbner, 1804)<\/li>\n<li><em>Erebia melas<\/em> (Herbst, 1796)<\/li>\n<li><em>Erebia pandrose<\/em> (Borkhausen, 1788)<\/li>\n<li><em>Melanargia galathea<\/em> (Linnaeus, 1758)<\/li>\n<li><em>Satyrus ferula<\/em>\u00a0(Fabricius, 1793)<\/li>\n<li><em>Minois dryas<\/em> (Scopoli, 1763)<\/li>\n<li><em>Hipparchia fagi<\/em> (Scopoli, 1763)<\/li>\n<li><em>Hipparchia syriaca<\/em> (Staudinger, 1871)<\/li>\n<li><em>Hipparchia semele<\/em> (Linnaeus, 1758)<\/li>\n<li><em>Hipparchia volgensis<\/em> (Mazochin-Porshnjakov, 1952)<\/li>\n<li><em>Hipparchia statilinus<\/em> (Hufnagel, 1766)<\/li>\n<li><em>Arethusana arethusa<\/em> ([Denis &amp; Schifferm\u00fcller], 1775)<\/li>\n<li><em>Brintesia circe<\/em> (Fabricius, 1775)<\/li>\n<li><em>Chazara briseis<\/em> (Linnaeus, 1764)<\/li>\n<li><\/li>\n<li><em>Polygonia egea<\/em> (Cramer, 1775) <strong>????<\/strong><\/li>\n<li><em>Kirinia climene\u00a0<\/em>(Esper, 1783) <strong>????<\/strong><\/li>\n<li><em>Pyronia cecilia<\/em> (Vallentin, 1894)<\/li>\n<\/ul>\n<p>Laszlo Rakosy (2013): Fluturii diurni din Romania. Ed. MEGA, Cluj-Napoca<br \/>\nSzekely Levente (2008): The butterflies of Romania, Brasov<\/p>\n<p>&nbsp;<\/p>\n<!-- AddThis Advanced Settings generic via filter on the_content --><!-- AddThis Share Buttons generic via filter on the_content -->","protected":false},"excerpt":{"rendered":"<p>BUTTERFLIES (after Rakosy, 2013 &amp; Levente, 2008) (in alfabetical order) Hesperiidae Erynnis tages (Linnaeus, 1758) Carcharodus alceae (Esper, 1780) Carcharodus lavatherae (Esper, 1783) Carcharodus flocciferus (Zeller, 1847) Carcharodus orientalis Reverdin, 1913 Spialia orbifer (H\u00fcbner, 1823) Muschampia tessellum (H\u00fcbner, 1803) Muschampia cribrellum (Eversmann, 1841) Pyrgus carthami (H\u00fcbner, 1823) Pyrgus sidae (Esper, 1784) Pyrgus andromedae (Wallengren, 1853) [&hellip;]<!-- AddThis Advanced Settings generic via filter on get_the_excerpt --><!-- AddThis Share Buttons generic via filter on get_the_excerpt --><\/p>\n","protected":false},"author":2,"featured_media":0,"parent":0,"menu_order":0,"comment_status":"open","ping_status":"open","template":"","meta":{"footnotes":""},"categories":[43],"tags":[52,58,57],"class_list":["post-17","page","type-page","status-publish","hentry","category-romania","tag-lepidoptera","tag-rhopalocera","tag-romania"],"_links":{"self":[{"href":"http:\/\/lepidoptera.nature4stock.com\/index.php?rest_route=\/wp\/v2\/pages\/17","targetHints":{"allow":["GET"]}}],"collection":[{"href":"http:\/\/lepidoptera.nature4stock.com\/index.php?rest_route=\/wp\/v2\/pages"}],"about":[{"href":"http:\/\/lepidoptera.nature4stock.com\/index.php?rest_route=\/wp\/v2\/types\/page"}],"author":[{"embeddable":true,"href":"http:\/\/lepidoptera.nature4stock.com\/index.php?rest_route=\/wp\/v2\/users\/2"}],"replies":[{"embeddable":true,"href":"http:\/\/lepidoptera.nature4stock.com\/index.php?rest_route=%2Fwp%2Fv2%2Fcomments&post=17"}],"version-history":[{"count":41,"href":"http:\/\/lepidoptera.nature4stock.com\/index.php?rest_route=\/wp\/v2\/pages\/17\/revisions"}],"predecessor-version":[{"id":533,"href":"http:\/\/lepidoptera.nature4stock.com\/index.php?rest_route=\/wp\/v2\/pages\/17\/revisions\/533"}],"wp:attachment":[{"href":"http:\/\/lepidoptera.nature4stock.com\/index.php?rest_route=%2Fwp%2Fv2%2Fmedia&parent=17"}],"wp:term":[{"taxonomy":"category","embeddable":true,"href":"http:\/\/lepidoptera.nature4stock.com\/index.php?rest_route=%2Fwp%2Fv2%2Fcategories&post=17"},{"taxonomy":"post_tag","embeddable":true,"href":"http:\/\/lepidoptera.nature4stock.com\/index.php?rest_route=%2Fwp%2Fv2%2Ftags&post=17"}],"curies":[{"name":"wp","href":"https:\/\/api.w.org\/{rel}","templated":true}]}}